{"id":2663,"date":"2025-08-06T23:53:18","date_gmt":"2025-08-06T23:53:18","guid":{"rendered":"https:\/\/zentrum.mx\/?page_id=2663"},"modified":"2026-04-27T23:20:28","modified_gmt":"2026-04-27T23:20:28","slug":"bolsa-de-trabajo","status":"publish","type":"page","link":"https:\/\/zentrum.mx\/en\/bolsa-de-trabajo\/","title":{"rendered":"Job board"},"content":{"rendered":"<p><div class=\"fusion-fullwidth fullwidth-box fusion-builder-row-1 fusion-flex-container has-pattern-background has-mask-background fusion-parallax-fixed nonhundred-percent-fullwidth non-hundred-percent-height-scrolling lazyload\" style=\"--awb-background-blend-mode:multiply;--awb-border-radius-top-left:0px;--awb-border-radius-top-right:0px;--awb-border-radius-bottom-right:0px;--awb-border-radius-bottom-left:0px;--awb-padding-top:200px;--awb-padding-bottom:200px;--awb-background-image:linear-gradient(180deg, var(--awb-color5) 0%,#77b810 100%);;--awb-background-size:cover;--awb-flex-wrap:wrap;background-attachment:fixed;\" data-bg=\"https:\/\/zentrum.mx\/wp-content\/uploads\/2025\/10\/Bolsa-de-trabajo.png\" data-bg-gradient=\"linear-gradient(180deg, var(--awb-color5) 0%,#77b810 100%)\" ><div class=\"fusion-builder-row fusion-row fusion-flex-align-items-flex-start fusion-flex-content-wrap\" style=\"max-width:1248px;margin-left: calc(-4% \/ 2 );margin-right: calc(-4% \/ 2 );\"><div class=\"fusion-layout-column fusion_builder_column fusion-builder-column-0 fusion_builder_column_1_1 1_1 fusion-flex-column\" style=\"--awb-bg-size:cover;--awb-width-large:100%;--awb-spacing-right-large:1.92%;--awb-margin-bottom-large:0px;--awb-spacing-left-large:1.92%;--awb-width-medium:100%;--awb-order-medium:0;--awb-spacing-right-medium:1.92%;--awb-spacing-left-medium:1.92%;--awb-width-small:100%;--awb-order-small:0;--awb-spacing-right-small:1.92%;--awb-spacing-left-small:1.92%;\"><div class=\"fusion-column-wrapper fusion-column-has-shadow fusion-flex-justify-content-flex-start fusion-content-layout-column\"><div class=\"fusion-title title fusion-title-1 fusion-sep-none fusion-title-text fusion-title-size-one\"><h1 class=\"fusion-title-heading title-heading-left fusion-responsive-typography-calculated\" style=\"margin:0;--fontSize:62;line-height:var(--awb-typography1-line-height);\"><h1><span style=\"color: #ffffff;\">BOLSA DE TRABAJO<\/span><\/h1><\/h1><\/div><\/div><\/div><\/div><\/div><div class=\"fusion-fullwidth fullwidth-box fusion-builder-row-2 fusion-flex-container has-pattern-background has-mask-background nonhundred-percent-fullwidth non-hundred-percent-height-scrolling\" style=\"--awb-border-radius-top-left:0px;--awb-border-radius-top-right:0px;--awb-border-radius-bottom-right:0px;--awb-border-radius-bottom-left:0px;--awb-margin-bottom:80px;--awb-flex-wrap:wrap;\" ><div class=\"fusion-builder-row fusion-row fusion-flex-align-items-flex-start fusion-flex-content-wrap\" style=\"max-width:1248px;margin-left: calc(-4% \/ 2 );margin-right: calc(-4% \/ 2 );\"><div class=\"fusion-layout-column fusion_builder_column fusion-builder-column-1 fusion_builder_column_1_1 1_1 fusion-flex-column\" style=\"--awb-bg-size:cover;--awb-width-large:100%;--awb-spacing-right-large:1.92%;--awb-margin-bottom-large:0px;--awb-spacing-left-large:1.92%;--awb-width-medium:100%;--awb-order-medium:0;--awb-spacing-right-medium:1.92%;--awb-spacing-left-medium:1.92%;--awb-width-small:100%;--awb-order-small:0;--awb-spacing-right-small:1.92%;--awb-spacing-left-small:1.92%;\"><div class=\"fusion-column-wrapper fusion-column-has-shadow fusion-flex-justify-content-flex-start fusion-content-layout-column\"><div class=\"fusion-text fusion-text-1\"><h4 style=\"text-align: center;\">Conoce nuestras vacantes<\/h4>\n<\/div><\/div><\/div><div class=\"fusion-layout-column fusion_builder_column fusion-builder-column-2 fusion_builder_column_1_3 1_3 fusion-flex-column\" style=\"--awb-bg-size:cover;--awb-width-large:33.333333333333%;--awb-spacing-right-large:5.76%;--awb-margin-bottom-large:0px;--awb-spacing-left-large:5.76%;--awb-width-medium:33.333333333333%;--awb-order-medium:0;--awb-spacing-right-medium:5.76%;--awb-spacing-left-medium:5.76%;--awb-width-small:100%;--awb-order-small:0;--awb-spacing-right-small:1.92%;--awb-spacing-left-small:1.92%;\"><div class=\"fusion-column-wrapper fusion-column-has-shadow fusion-flex-justify-content-flex-start fusion-content-layout-column\"><div class=\"fusion-image-element \" style=\"--awb-caption-title-font-family:var(--h2_typography-font-family);--awb-caption-title-font-weight:var(--h2_typography-font-weight);--awb-caption-title-font-style:var(--h2_typography-font-style);--awb-caption-title-size:var(--h2_typography-font-size);--awb-caption-title-transform:var(--h2_typography-text-transform);--awb-caption-title-line-height:var(--h2_typography-line-height);--awb-caption-title-letter-spacing:var(--h2_typography-letter-spacing);\"><span class=\" fusion-imageframe imageframe-none imageframe-1 hover-type-none\"><a href=\"https:\/\/zentrum.mx\/wp-content\/uploads\/2026\/04\/WhatsApp-Image-2026-04-21-at-11.49.53-AM.jpeg\" class=\"fusion-lightbox\" data-rel=\"iLightbox[6a4eb560179763dfbf0]\" data-title=\"WhatsApp Image 2026-04-21 at 11.49.53 AM\" title=\"WhatsApp Image 2026-04-21 at 11.49.53 AM\"><img decoding=\"async\" width=\"1080\" height=\"1350\" src=\"https:\/\/zentrum.mx\/wp-content\/uploads\/2026\/04\/WhatsApp-Image-2026-04-21-at-11.49.53-AM.jpeg\" data-orig-src=\"https:\/\/zentrum.mx\/wp-content\/uploads\/2026\/04\/WhatsApp-Image-2026-04-21-at-11.49.53-AM.jpeg\" alt class=\"lazyload img-responsive wp-image-3283\" srcset=\"data:image\/svg+xml,%3Csvg%20xmlns%3D%27http%3A%2F%2Fwww.w3.org%2F2000%2Fsvg%27%20width%3D%271080%27%20height%3D%271350%27%20viewBox%3D%270%200%201080%201350%27%3E%3Crect%20width%3D%271080%27%20height%3D%271350%27%20fill-opacity%3D%220%22%2F%3E%3C%2Fsvg%3E\" data-srcset=\"https:\/\/zentrum.mx\/wp-content\/uploads\/2026\/04\/WhatsApp-Image-2026-04-21-at-11.49.53-AM-200x250.jpeg 200w, https:\/\/zentrum.mx\/wp-content\/uploads\/2026\/04\/WhatsApp-Image-2026-04-21-at-11.49.53-AM-400x500.jpeg 400w, https:\/\/zentrum.mx\/wp-content\/uploads\/2026\/04\/WhatsApp-Image-2026-04-21-at-11.49.53-AM-600x750.jpeg 600w, https:\/\/zentrum.mx\/wp-content\/uploads\/2026\/04\/WhatsApp-Image-2026-04-21-at-11.49.53-AM-800x1000.jpeg 800w, https:\/\/zentrum.mx\/wp-content\/uploads\/2026\/04\/WhatsApp-Image-2026-04-21-at-11.49.53-AM.jpeg 1080w\" data-sizes=\"auto\" data-orig-sizes=\"(max-width: 800px) 100vw, 400px\" \/><\/a><\/span><\/div><div class=\"fusion-text fusion-text-2\"><h4 style=\"text-align: center;\">\ud835\uddd4\ud835\ude02\ud835\ude05\ud835\uddf6\ud835\uddf9\ud835\uddf6\ud835\uddee\ud835\uddff \ud835\uddf1\ud835\uddf2 \ud835\udde0\ud835\uddee\ud835\uddfb\ud835\ude01\ud835\uddf2\ud835\uddfb\ud835\uddf6\ud835\uddfa\ud835\uddf6\ud835\uddf2\ud835\uddfb\ud835\ude01\ud835\uddfc<\/h4>\n<p>\ud83d\udcbc Ofrecemos:<br \/>\u2714\ufe0f Sueldo semanal<br \/>\u2714\ufe0f Prestaciones de ley<br \/>\u2714\ufe0f Bono mensual<br \/>\u2714\ufe0f Horas extra pagadas al doble<\/p>\n<p>\ud83d\udcf2 Cont\u00e1ctanos para m\u00e1s informaci\u00f3n 479 104 9229&nbsp;\u00f3 acude a entrevista de lunes a viernes de 10 am a 2 pm<\/p>\n<\/div><\/div><\/div><div class=\"fusion-layout-column fusion_builder_column fusion-builder-column-3 fusion_builder_column_1_3 1_3 fusion-flex-column\" style=\"--awb-bg-size:cover;--awb-width-large:33.333333333333%;--awb-spacing-right-large:5.76%;--awb-margin-bottom-large:0px;--awb-spacing-left-large:5.76%;--awb-width-medium:33.333333333333%;--awb-order-medium:0;--awb-spacing-right-medium:5.76%;--awb-spacing-left-medium:5.76%;--awb-width-small:100%;--awb-order-small:0;--awb-spacing-right-small:1.92%;--awb-spacing-left-small:1.92%;\"><div class=\"fusion-column-wrapper fusion-column-has-shadow fusion-flex-justify-content-flex-start fusion-content-layout-column\"><div class=\"fusion-image-element \" style=\"--awb-caption-title-font-family:var(--h2_typography-font-family);--awb-caption-title-font-weight:var(--h2_typography-font-weight);--awb-caption-title-font-style:var(--h2_typography-font-style);--awb-caption-title-size:var(--h2_typography-font-size);--awb-caption-title-transform:var(--h2_typography-text-transform);--awb-caption-title-line-height:var(--h2_typography-line-height);--awb-caption-title-letter-spacing:var(--h2_typography-letter-spacing);\"><span class=\" fusion-imageframe imageframe-none imageframe-2 hover-type-none\"><a href=\"https:\/\/zentrum.mx\/wp-content\/uploads\/2026\/04\/molinero.jpeg\" class=\"fusion-lightbox\" data-rel=\"iLightbox[9c22799347db28d826a]\" data-title=\"molinero\" title=\"molinero\"><img decoding=\"async\" width=\"920\" height=\"1152\" src=\"https:\/\/zentrum.mx\/wp-content\/uploads\/2026\/04\/molinero.jpeg\" data-orig-src=\"https:\/\/zentrum.mx\/wp-content\/uploads\/2026\/04\/molinero.jpeg\" alt class=\"lazyload img-responsive wp-image-3322\" srcset=\"data:image\/svg+xml,%3Csvg%20xmlns%3D%27http%3A%2F%2Fwww.w3.org%2F2000%2Fsvg%27%20width%3D%27920%27%20height%3D%271152%27%20viewBox%3D%270%200%20920%201152%27%3E%3Crect%20width%3D%27920%27%20height%3D%271152%27%20fill-opacity%3D%220%22%2F%3E%3C%2Fsvg%3E\" data-srcset=\"https:\/\/zentrum.mx\/wp-content\/uploads\/2026\/04\/molinero-200x250.jpeg 200w, https:\/\/zentrum.mx\/wp-content\/uploads\/2026\/04\/molinero-400x501.jpeg 400w, https:\/\/zentrum.mx\/wp-content\/uploads\/2026\/04\/molinero-600x751.jpeg 600w, https:\/\/zentrum.mx\/wp-content\/uploads\/2026\/04\/molinero-800x1002.jpeg 800w, https:\/\/zentrum.mx\/wp-content\/uploads\/2026\/04\/molinero.jpeg 920w\" data-sizes=\"auto\" data-orig-sizes=\"(max-width: 800px) 100vw, 400px\" \/><\/a><\/span><\/div><div class=\"fusion-text fusion-text-3\"><h4 style=\"text-align: center;\">\ud835\udde0\ud835\uddfc\ud835\uddf9\ud835\uddf6\ud835\uddfb\ud835\uddf2\ud835\uddff\ud835\uddfc<\/h4>\n<p>Solo necesitas:<br \/>\n\u2714\ufe0f Ser mayor de edad<br \/>\n\u2714\ufe0f Disponibilidad para rolar turnos<br \/>\n\ud83d\udc49 \ud835\ude15\ud835\ude30 \ud835\ude2f\ud835\ude26\ud835\ude24\ud835\ude26\ud835\ude34\ud835\ude2a\ud835\ude35\ud835\ude22\ud835\ude34 \ud835\ude26\ud835\ude39\ud835\ude31\ud835\ude26\ud835\ude33\ud835\ude2a\ud835\ude26\ud835\ude2f\ud835\ude24\ud835\ude2a\ud835\ude22<\/p>\n<p>\ud83d\udcbc Ofrecemos:<br \/>\n\u2714\ufe0f Prestaciones de ley<br \/>\n\u2714\ufe0f Bono y gratificaci\u00f3n mensual<br \/>\n\u2714\ufe0f Horas extra pagadas al doble<\/p>\n<p>\ud83d\udcf2 Cont\u00e1ctanos para m\u00e1s informaci\u00f3n 477 104 9229 \u00f3 acude a entrevista de lunes a viernes de 10 am a 2 pm<\/p>\n<\/div><\/div><\/div><div class=\"fusion-layout-column fusion_builder_column fusion-builder-column-4 fusion_builder_column_1_3 1_3 fusion-flex-column\" style=\"--awb-bg-size:cover;--awb-width-large:33.333333333333%;--awb-spacing-right-large:5.76%;--awb-margin-bottom-large:0px;--awb-spacing-left-large:5.76%;--awb-width-medium:33.333333333333%;--awb-order-medium:0;--awb-spacing-right-medium:5.76%;--awb-spacing-left-medium:5.76%;--awb-width-small:100%;--awb-order-small:0;--awb-spacing-right-small:1.92%;--awb-spacing-left-small:1.92%;\"><div class=\"fusion-column-wrapper fusion-column-has-shadow fusion-flex-justify-content-flex-start fusion-content-layout-column\"><\/div><\/div><\/div><\/div><div class=\"fusion-fullwidth fullwidth-box fusion-builder-row-3 fusion-flex-container has-pattern-background has-mask-background nonhundred-percent-fullwidth non-hundred-percent-height-scrolling\" style=\"--awb-border-radius-top-left:0px;--awb-border-radius-top-right:0px;--awb-border-radius-bottom-right:0px;--awb-border-radius-bottom-left:0px;--awb-padding-bottom:100px;--awb-background-color:#f9f9f9;--awb-flex-wrap:wrap;\" ><div class=\"fusion-builder-row fusion-row fusion-flex-align-items-flex-start fusion-flex-content-wrap\" style=\"max-width:1248px;margin-left: calc(-4% \/ 2 );margin-right: calc(-4% \/ 2 );\"><div class=\"fusion-layout-column fusion_builder_column fusion-builder-column-5 fusion_builder_column_1_1 1_1 fusion-flex-column\" style=\"--awb-bg-size:cover;--awb-width-large:100%;--awb-spacing-right-large:1.92%;--awb-margin-bottom-large:0px;--awb-spacing-left-large:1.92%;--awb-width-medium:100%;--awb-order-medium:0;--awb-spacing-right-medium:1.92%;--awb-spacing-left-medium:1.92%;--awb-width-small:100%;--awb-order-small:0;--awb-spacing-right-small:1.92%;--awb-spacing-left-small:1.92%;\"><div class=\"fusion-column-wrapper fusion-column-has-shadow fusion-flex-justify-content-flex-start fusion-content-layout-column\"><div class=\"fusion-text fusion-text-4\" style=\"--awb-text-transform:none;--awb-text-color:var(--awb-color8);\"><h4 style=\"text-align: center;\">Env\u00edanos tu Curr\u00edculum<\/h4>\n<\/div><div class=\"fusion-text fusion-text-5\"><div class=\"wpforms-container wpforms-container-full wpforms-render-modern\" id=\"wpforms-3298\"><form id=\"wpforms-form-3298\" class=\"wpforms-validate wpforms-form wpforms-ajax-form\" data-formid=\"3298\" method=\"post\" enctype=\"multipart\/form-data\" action=\"\/en\/wp-json\/wp\/v2\/pages\/2663?wpforms_form_id=3298\" data-token=\"9f1b354f881cc4df42c502c60f39d8e8\" data-token-time=\"1777797701\"><noscript class=\"wpforms-error-noscript\">Please enable JavaScript in your browser to complete this form.<\/noscript><div class=\"wpforms-hidden\" id=\"wpforms-error-noscript\">Please enable JavaScript in your browser to complete this form.<\/div><div class=\"wpforms-field-container\"><div id=\"wpforms-3298-field_1-container\" class=\"wpforms-field wpforms-field-name\" data-field-id=\"1\"><label class=\"wpforms-field-label\" for=\"wpforms-3298-field_1\">Nombre completo <span class=\"wpforms-required-label\" aria-hidden=\"true\">*<\/span><\/label><input type=\"text\" id=\"wpforms-3298-field_1\" class=\"wpforms-field-large wpforms-field-required\" name=\"wpforms[fields][1]\" aria-errormessage=\"wpforms-3298-field_1-error\" required><\/div><div id=\"wpforms-3298-field_13-container\" class=\"wpforms-field wpforms-field-text\" data-field-id=\"13\"><label class=\"wpforms-field-label\" for=\"wpforms-3298-field_13\">Correo electr\u00f3nico <span class=\"wpforms-required-label\" aria-hidden=\"true\">*<\/span><\/label><input type=\"text\" id=\"wpforms-3298-field_13\" class=\"wpforms-field-large wpforms-field-required\" name=\"wpforms[fields][13]\" aria-errormessage=\"wpforms-3298-field_13-error\" required><\/div><div id=\"wpforms-3298-field_12-container\" class=\"wpforms-field wpforms-field-phone\" data-field-id=\"12\"><label class=\"wpforms-field-label\" for=\"wpforms-3298-field_12\">Tel\u00e9fono<\/label><input type=\"tel\" id=\"wpforms-3298-field_12\" class=\"wpforms-field-large wpforms-smart-phone-field\" data-rule-smart-phone-field=\"true\" name=\"wpforms[fields][12]\" aria-label=\"Tel\u00e9fono\" aria-errormessage=\"wpforms-3298-field_12-error\" ><\/div><div id=\"wpforms-3298-field_6-container\" class=\"wpforms-field wpforms-field-select wpforms-field-select-style-classic\" data-field-id=\"6\"><label class=\"wpforms-field-label\" for=\"wpforms-3298-field_6\">\u00c1rea de inter\u00e9s<\/label><select id=\"wpforms-3298-field_6\" class=\"wpforms-field-large\" name=\"wpforms[fields][6]\"><option value=\"Apilador\" >Apilador<\/option><option value=\"Molinero\" >Molinero<\/option><option value=\"Ayudante general\" >Ayudante general<\/option><option value=\"Chofer\" >Chofer<\/option><option value=\"Auxiliar de mantenimiento\" >Auxiliar de mantenimiento<\/option><\/select><\/div><div id=\"wpforms-3298-field_11-container\" class=\"wpforms-field wpforms-field-file-upload\" data-field-id=\"11\"><label class=\"wpforms-field-label\" for=\"wpforms-3298-field_11\">Sube tu Curr\u00edculum<\/label><div\n\t\tclass=\"wpforms-uploader\"\n\t\tdata-field-id=\"11\"\n\t\tdata-form-id=\"3298\"\n\t\tdata-input-name=\"wpforms_3298_11\"\n\t\tdata-extensions=\"jpg,jpeg,jpe,gif,png,bmp,tiff,tif,webp,avif,ico,heic,heif,heics,heifs,asf,asx,wmv,wmx,wm,avi,divx,mov,qt,mpeg,mpg,mpe,mp4,m4v,ogv,webm,mkv,3gp,3gpp,3g2,3gp2,txt,asc,c,cc,h,srt,csv,tsv,ics,rtx,css,vtt,mp3,m4a,m4b,aac,ra,ram,wav,x-wav,ogg,oga,flac,mid,midi,wma,wax,mka,rtf,pdf,class,tar,zip,gz,gzip,rar,7z,psd,xcf,doc,pot,pps,ppt,wri,xla,xls,xlt,xlw,mpp,docx,docm,dotx,dotm,xlsx,xlsm,xlsb,xltx,xltm,xlam,pptx,pptm,ppsx,ppsm,potx,potm,ppam,sldx,sldm,onetoc,onetoc2,onepkg,oxps,xps,odt,odp,ods,odg,odc,odb,odf,wp,wpd,key,numbers,pages,json\"\n\t\tdata-max-size=\"201326592\"\n\t\tdata-max-file-number=\"1\"\n\t\tdata-post-max-size=\"201326592\"\n\t\tdata-max-parallel-uploads=\"4\"\n\t\tdata-parallel-uploads=\"true\"\n\t\tdata-file-chunk-size=\"2097152\">\n\t<div class=\"dz-message\">\n\t\t<svg viewBox=\"0 0 1024 1024\" focusable=\"false\" data-icon=\"inbox\" width=\"50px\" height=\"50px\" fill=\"currentColor\" aria-hidden=\"true\">\n\t\t\t<path d=\"M885.2 446.3l-.2-.8-112.2-285.1c-5-16.1-19.9-27.2-36.8-27.2H281.2c-17 0-32.1 11.3-36.9 27.6L139.4 443l-.3.7-.2.8c-1.3 4.9-1.7 9.9-1 14.8-.1 1.6-.2 3.2-.2 4.8V830a60.9 60.9 0 0 0 60.8 60.8h627.2c33.5 0 60.8-27.3 60.9-60.8V464.1c0-1.3 0-2.6-.1-3.7.4-4.9 0-9.6-1.3-14.1zm-295.8-43l-.3 15.7c-.8 44.9-31.8 75.1-77.1 75.1-22.1 0-41.1-7.1-54.8-20.6S436 441.2 435.6 419l-.3-15.7H229.5L309 210h399.2l81.7 193.3H589.4zm-375 76.8h157.3c24.3 57.1 76 90.8 140.4 90.8 33.7 0 65-9.4 90.3-27.2 22.2-15.6 39.5-37.4 50.7-63.6h156.5V814H214.4V480.1z\"><\/path>\n\t\t<\/svg>\n\t\t<span class=\"modern-title\">Click or drag a file to this area to upload.<\/span>\n\n\t\t\t<\/div>\n<\/div>\n<input\n\t\ttype=\"text\"\n\t\tautocomplete=\"off\"\n\t\treadonly\n\t\tclass=\"dropzone-input\"\n\t\tstyle=\"position:absolute!important;clip:rect(0,0,0,0)!important;height:1px!important;width:1px!important;border:0!important;overflow:hidden!important;padding:0!important;margin:0!important;\"\n\t\tid=\"wpforms-3298-field_11\"\n\t\tname=\"wpforms_3298_11\" \t\tvalue=\"\">\n<\/div><div id=\"wpforms-3298-field_7-container\" class=\"wpforms-field wpforms-field-textarea\" data-field-id=\"7\"><label class=\"wpforms-field-label\" for=\"wpforms-3298-field_7\">Mensaje<\/label><textarea id=\"wpforms-3298-field_7\" class=\"wpforms-field-medium\" name=\"wpforms[fields][7]\" aria-errormessage=\"wpforms-3298-field_7-error\" ><\/textarea><\/div><\/div><!-- .wpforms-field-container --><div class=\"wpforms-submit-container\" ><input type=\"hidden\" name=\"wpforms[id]\" value=\"3298\"><input type=\"hidden\" name=\"page_title\" value=\"\"><input type=\"hidden\" name=\"page_url\" value=\"https:\/\/zentrum.mx\/en\/wp-json\/wp\/v2\/pages\/2663\"><input type=\"hidden\" name=\"url_referer\" value=\"\"><button type=\"submit\" name=\"wpforms[submit]\" id=\"wpforms-submit-3298\" class=\"wpforms-submit\" data-alt-text=\"Enviando...\" data-submit-text=\"Enviar postulaci\u00f3n\" aria-live=\"assertive\" value=\"wpforms-submit\">Enviar postulaci\u00f3n<\/button><img decoding=\"async\" src=\"data:image\/svg+xml,%3Csvg%20xmlns%3D%27http%3A%2F%2Fwww.w3.org%2F2000%2Fsvg%27%20width%3D%2726%27%20height%3D%2726%27%20viewBox%3D%270%200%2026%2026%27%3E%3Crect%20width%3D%2726%27%20height%3D%2726%27%20fill-opacity%3D%220%22%2F%3E%3C%2Fsvg%3E\" data-orig-src=\"https:\/\/zentrum.mx\/wp-content\/plugins\/wpforms\/assets\/images\/submit-spin.svg\" class=\"lazyload wpforms-submit-spinner\" style=\"display: none;\" width=\"26\" height=\"26\" alt=\"Loading\"><\/div><\/form><\/div>  <!-- .wpforms-container -->\n<\/div><\/div><\/div><\/div><\/div><\/p>\n","protected":false},"excerpt":{"rendered":"","protected":false},"author":1,"featured_media":0,"parent":0,"menu_order":0,"comment_status":"closed","ping_status":"closed","template":"100-width.php","meta":{"footnotes":""},"class_list":["post-2663","page","type-page","status-publish","hentry"],"acf":[],"_links":{"self":[{"href":"https:\/\/zentrum.mx\/en\/wp-json\/wp\/v2\/pages\/2663","targetHints":{"allow":["GET"]}}],"collection":[{"href":"https:\/\/zentrum.mx\/en\/wp-json\/wp\/v2\/pages"}],"about":[{"href":"https:\/\/zentrum.mx\/en\/wp-json\/wp\/v2\/types\/page"}],"author":[{"embeddable":true,"href":"https:\/\/zentrum.mx\/en\/wp-json\/wp\/v2\/users\/1"}],"replies":[{"embeddable":true,"href":"https:\/\/zentrum.mx\/en\/wp-json\/wp\/v2\/comments?post=2663"}],"version-history":[{"count":11,"href":"https:\/\/zentrum.mx\/en\/wp-json\/wp\/v2\/pages\/2663\/revisions"}],"predecessor-version":[{"id":3323,"href":"https:\/\/zentrum.mx\/en\/wp-json\/wp\/v2\/pages\/2663\/revisions\/3323"}],"wp:attachment":[{"href":"https:\/\/zentrum.mx\/en\/wp-json\/wp\/v2\/media?parent=2663"}],"curies":[{"name":"wp","href":"https:\/\/api.w.org\/{rel}","templated":true}]}}